{"id":38,"date":"2026-04-10T14:08:48","date_gmt":"2026-04-10T14:08:48","guid":{"rendered":"https:\/\/peaceful-lichterman.82-165-20-180.plesk.page\/?page_id=38"},"modified":"2026-04-10T14:19:46","modified_gmt":"2026-04-10T14:19:46","slug":"datenschutzerklaerung","status":"publish","type":"page","link":"https:\/\/peaceful-lichterman.82-165-20-180.plesk.page\/index.php\/datenschutzerklaerung\/","title":{"rendered":"Datenschutzerkl\u00e4rung"},"content":{"rendered":"\n<p><strong>Verantwortliche Stelle<\/strong>: Vollst\u00e4ndiger Name, Anschrift und Kontaktdaten (wie im Impressum).<\/p>\n\n\n\n<p><strong>Art der Daten<\/strong>: <\/p>\n\n\n\n<ul class=\"wp-block-list\">\n<li>IP-Adresse, Browsertyp, Uhrzeit beim Seitenaufruf<\/li>\n\n\n\n<li>Name, Adresse, E-Mail-Adresse, Telefonnummer und Bilder zwecks Erhebung erforderlicher Daten f\u00fcr neue Webseitenprojekte<\/li>\n\n\n\n<li>Name, E-Mail-Adresse und Telefonnummer im Kontaktformular<\/li>\n<\/ul>\n\n\n\n<p><strong>Zweck &amp; Rechtsgrundlage<\/strong>:<\/p>\n\n\n\n<ul class=\"wp-block-list\">\n<li>Bereitstellung der Website und Logfiles (Berechtigtes Interesse)\n<ul class=\"wp-block-list\">\n<li>Beim Aufruf meiner Website werden automatisch Informationen durch den Webhoster erhoben (z. B. IP-Adresse, Browsertyp, Uhrzeit). Der Zweck ist die technisch fehlerfreie Darstellung und Sicherheit der Seite. Rechtsgrundlage ist\u00a0<strong>Art. 6 Abs. 1 lit. f DSGVO<\/strong>. <\/li>\n<\/ul>\n<\/li>\n<\/ul>\n\n\n\n<ul class=\"wp-block-list\">\n<li>Kontaktanfragen (Vertragserf\u00fcllung oder vorvertragliche Ma\u00dfnahmen)\n<ul class=\"wp-block-list\">\n<li>Wenn Sie mir per E-Mail oder Kontaktformular eine Anfrage senden, verarbeite ich Ihre Daten, um Ihr Anliegen zu bearbeiten. Zweck ist die Kommunikation mit (potenziellen) Kunden. Rechtsgrundlage ist\u00a0<strong>Art. 6 Abs. 1 lit. b DSGVO<\/strong>.<\/li>\n<\/ul>\n<\/li>\n<\/ul>\n\n\n\n<ul class=\"wp-block-list\">\n<li>Abwicklung von Auftr\u00e4gen (Vertragserf\u00fcllung)\n<ul class=\"wp-block-list\">\n<li>Sofern es zu einer Zusammenarbeit oder einem Kauf kommt, verarbeite ich Ihre Daten (Name, Anschrift, Zahlungsdaten) zur Erf\u00fcllung des Vertrages. Rechtsgrundlage ist ebenfalls\u00a0<strong>Art. 6 Abs. 1 lit. b DSGVO<\/strong>.<\/li>\n<\/ul>\n<\/li>\n<\/ul>\n\n\n\n<ul class=\"wp-block-list\">\n<li>Gesetzliche Pflichten\n<ul class=\"wp-block-list\">\n<li>Zur Erf\u00fcllung steuerlicher und rechtlicher Pflichten (z. B. Buchhaltung) speichere ich Daten basierend auf\u00a0<strong>Art. 6 Abs. 1 lit. c DSGVO<\/strong>.<\/li>\n<\/ul>\n<\/li>\n<\/ul>\n\n\n\n<p><strong>Speicherdauer<\/strong>: <\/p>\n\n\n\n<ul class=\"wp-block-list\">\n<li>Die Daten werden gel\u00f6scht, sobald sie f\u00fcr die Erreichung des Zweckes ihrer Erhebung nicht mehr erforderlich sind.<\/li>\n<\/ul>\n\n\n\n<p><strong>Betroffenenrechte<\/strong> (nach Art. 15\u201321 DSGVO): <\/p>\n\n\n\n<ul class=\"wp-block-list\">\n<li>Sie haben jederzeit das Recht, unentgeltlich Auskunft \u00fcber Herkunft, Empf\u00e4nger und Zweck Ihrer gespeicherten personenbezogenen Daten zu erhalten. Sie haben au\u00dferdem ein Recht, die Berichtigung, Sperrung oder L\u00f6schung dieser Daten zu verlangen. Hierzu sowie zu weiteren Fragen zum Thema Datenschutz k\u00f6nnen Sie sich jederzeit unter der im Impressum angegebenen Adresse an mich wenden. Des Weiteren steht Ihnen ein Beschwerderecht bei der zust\u00e4ndigen Aufsichtsbeh\u00f6rde zu.<\/li>\n<\/ul>\n\n\n\n<ol class=\"wp-block-list\"><\/ol>\n\n\n\n<p><\/p>\n","protected":false},"excerpt":{"rendered":"<p>Verantwortliche Stelle: Vollst\u00e4ndiger Name, Anschrift und Kontaktdaten (wie im Impressum). Art der Daten: Zweck &amp; Rechtsgrundlage: Speicherdauer: Betroffenenrechte (nach Art. 15\u201321 DSGVO):<\/p>\n","protected":false},"author":1,"featured_media":0,"parent":0,"menu_order":0,"comment_status":"closed","ping_status":"closed","template":"","meta":{"_kad_post_transparent":"","_kad_post_title":"","_kad_post_layout":"","_kad_post_sidebar_id":"","_kad_post_content_style":"","_kad_post_vertical_padding":"","_kad_post_feature":"","_kad_post_feature_position":"","_kad_post_header":false,"_kad_post_footer":false,"_kad_post_classname":"","footnotes":""},"class_list":["post-38","page","type-page","status-publish","hentry"],"_links":{"self":[{"href":"https:\/\/peaceful-lichterman.82-165-20-180.plesk.page\/index.php\/wp-json\/wp\/v2\/pages\/38","targetHints":{"allow":["GET"]}}],"collection":[{"href":"https:\/\/peaceful-lichterman.82-165-20-180.plesk.page\/index.php\/wp-json\/wp\/v2\/pages"}],"about":[{"href":"https:\/\/peaceful-lichterman.82-165-20-180.plesk.page\/index.php\/wp-json\/wp\/v2\/types\/page"}],"author":[{"embeddable":true,"href":"https:\/\/peaceful-lichterman.82-165-20-180.plesk.page\/index.php\/wp-json\/wp\/v2\/users\/1"}],"replies":[{"embeddable":true,"href":"https:\/\/peaceful-lichterman.82-165-20-180.plesk.page\/index.php\/wp-json\/wp\/v2\/comments?post=38"}],"version-history":[{"count":7,"href":"https:\/\/peaceful-lichterman.82-165-20-180.plesk.page\/index.php\/wp-json\/wp\/v2\/pages\/38\/revisions"}],"predecessor-version":[{"id":45,"href":"https:\/\/peaceful-lichterman.82-165-20-180.plesk.page\/index.php\/wp-json\/wp\/v2\/pages\/38\/revisions\/45"}],"wp:attachment":[{"href":"https:\/\/peaceful-lichterman.82-165-20-180.plesk.page\/index.php\/wp-json\/wp\/v2\/media?parent=38"}],"curies":[{"name":"wp","href":"https:\/\/api.w.org\/{rel}","templated":true}]}}