{"id":6,"date":"2026-04-10T11:54:08","date_gmt":"2026-04-10T11:54:08","guid":{"rendered":"https:\/\/peaceful-lichterman.82-165-20-180.plesk.page\/?page_id=6"},"modified":"2026-04-10T14:06:41","modified_gmt":"2026-04-10T14:06:41","slug":"willkommen","status":"publish","type":"page","link":"https:\/\/peaceful-lichterman.82-165-20-180.plesk.page\/","title":{"rendered":"Willkommen"},"content":{"rendered":"\n<h2 class=\"wp-block-heading\">Professionelle Webseiten m\u00fcssen kein Verm\u00f6gen kosten<\/h2>\n\n\n\n<p>Viele kleine Unternehmen oder Vereine stehen vor demselben Problem: Sie brauchen einen Online-Auftritt, aber die Angebote klassischer Agenturen sind oft \u00fcberladen und schlichtweg zu teuer. Gro\u00dfe Pakete mit Funktionen, die Sie am Ende gar nicht nutzen, treiben die Kosten unn\u00f6tig in die H\u00f6he.<\/p>\n\n\n\n<p><strong>Mein Ansatz: Schlank, effizient und bezahlbar.<\/strong><\/p>\n\n\n\n<blockquote class=\"wp-block-quote is-layout-flow wp-block-quote-is-layout-flow\">\n<p>Bereits ab 15,00 \u20ac pro Monat<\/p>\n<\/blockquote>\n\n\n\n<p>Ich habe meine Prozesse so optimiert, dass ich mich auf das Wesentliche konzentriere: eine moderne, schnelle und mobiloptimierte Webseite, die Ihre Zielgruppe \u00fcberzeugt. Durch diese&nbsp;<strong>standardisierte und schlanke Arbeitsweise<\/strong>&nbsp;fallen teure Overhead-Kosten weg \u2013 ein Preisvorteil, den ich direkt an Sie weitergebe.<\/p>\n\n\n\n<p><strong>Ihr Mehrwert:<\/strong><\/p>\n\n\n\n<ul class=\"wp-block-list\">\n<li><strong>Faire Festpreise:<\/strong>&nbsp;Keine versteckten Kosten, ideal f\u00fcr kleine Budgets.<\/li>\n\n\n\n<li><strong>Fokus auf das Wichtigste:<\/strong>&nbsp;Genau die Inhalte, die f\u00fcr Sie wichtig sind.<\/li>\n\n\n\n<li><strong>Schnelle Umsetzung:<\/strong>&nbsp;Dank bew\u00e4hrter Abl\u00e4ufe ist Ihre Seite in k\u00fcrzester Zeit online.<\/li>\n<\/ul>\n\n\n\n<p>Setzen Sie auf eine L\u00f6sung, die Sie online sichtbar macht, ohne Ihr Budget zu sprengen.<\/p>\n\n\n\n<div class=\"wp-block-buttons is-layout-flex wp-block-buttons-is-layout-flex\">\n<div class=\"wp-block-button\"><a class=\"wp-block-button__link wp-element-button\" href=\"https:\/\/peaceful-lichterman.82-165-20-180.plesk.page\/index.php\/neue-webseite-anfragen\/\">Jetzt Wunsch-Webseite anfragen<\/a><\/div>\n<\/div>\n\n\n\n<div class=\"wp-block-media-text is-stacked-on-mobile\" style=\"grid-template-columns:16% auto\"><figure class=\"wp-block-media-text__media\"><img loading=\"lazy\" decoding=\"async\" width=\"64\" height=\"64\" src=\"https:\/\/peaceful-lichterman.82-165-20-180.plesk.page\/wp-content\/uploads\/2026\/04\/Icons8-Windows-8-Users-Lifecycle.64.png\" alt=\"\" class=\"wp-image-30 size-full\"\/><\/figure><div class=\"wp-block-media-text__content\">\n<p>Zu mir: Ich interessiere mich sehr f\u00fcr Webentwicklung, moderne Technologien und alles was mit Technik zu tun hat<\/p>\n\n\n\n<ul class=\"wp-block-list\">\n<li>M. G. <\/li>\n<\/ul>\n<\/div><\/div>\n\n\n\n<details class=\"wp-block-details is-layout-flow wp-block-details-is-layout-flow\" style=\"padding-top:var(--wp--preset--spacing--30);padding-bottom:var(--wp--preset--spacing--30)\"><summary>Wie funktioniert der g\u00fcnstige Preis?<\/summary>\n<p>Ich biete durch Standardisierung sehr g\u00fcnstige Preise f\u00fcr Projekte, bei denen sich normalerweise keine Webseite lohnen w\u00fcrde.<\/p>\n<\/details>\n\n\n\n<details class=\"wp-block-details is-layout-flow wp-block-details-is-layout-flow\" style=\"padding-top:var(--wp--preset--spacing--30);padding-bottom:var(--wp--preset--spacing--30)\"><summary>Kann ich auch ein Buchungssystem und Mitgliederverwaltung nutzen?<\/summary>\n<p>Nein &#8211; ich biete kleine schlanke Webseiten ohne Datenverarbeitung an. Nur so kann der geringe Preis erzielt werden.<\/p>\n<\/details>\n\n\n\n<details class=\"wp-block-details is-layout-flow wp-block-details-is-layout-flow\" style=\"padding-top:var(--wp--preset--spacing--30);padding-bottom:var(--wp--preset--spacing--30)\"><summary>Kann ich regelm\u00e4\u00dfig neue Bilder hinzuf\u00fcgen?<\/summary>\n<p>Um deine Zielgruppe auf dem &#8222;Neusten Stand&#8220; zu halten bietet sich Social Media viel besser als eine Webseite an. Deine Webseite sollte nur allgemeine Infos beinhalten die sich nicht st\u00e4ndig \u00e4ndern.<\/p>\n<\/details>\n\n\n\n<p><\/p>\n","protected":false},"excerpt":{"rendered":"<p>Professionelle Webseiten m\u00fcssen kein Verm\u00f6gen kosten Viele kleine Unternehmen oder Vereine stehen vor demselben Problem: Sie brauchen einen Online-Auftritt, aber die Angebote klassischer Agenturen sind oft \u00fcberladen und schlichtweg zu teuer. Gro\u00dfe Pakete mit Funktionen, die Sie am Ende gar nicht nutzen, treiben die Kosten unn\u00f6tig in die H\u00f6he. Mein Ansatz: Schlank, effizient und bezahlbar&#8230;.<\/p>\n","protected":false},"author":1,"featured_media":0,"parent":0,"menu_order":0,"comment_status":"closed","ping_status":"closed","template":"","meta":{"_kad_post_transparent":"","_kad_post_title":"","_kad_post_layout":"","_kad_post_sidebar_id":"","_kad_post_content_style":"","_kad_post_vertical_padding":"","_kad_post_feature":"","_kad_post_feature_position":"","_kad_post_header":false,"_kad_post_footer":false,"_kad_post_classname":"","footnotes":""},"class_list":["post-6","page","type-page","status-publish","hentry"],"_links":{"self":[{"href":"https:\/\/peaceful-lichterman.82-165-20-180.plesk.page\/index.php\/wp-json\/wp\/v2\/pages\/6","targetHints":{"allow":["GET"]}}],"collection":[{"href":"https:\/\/peaceful-lichterman.82-165-20-180.plesk.page\/index.php\/wp-json\/wp\/v2\/pages"}],"about":[{"href":"https:\/\/peaceful-lichterman.82-165-20-180.plesk.page\/index.php\/wp-json\/wp\/v2\/types\/page"}],"author":[{"embeddable":true,"href":"https:\/\/peaceful-lichterman.82-165-20-180.plesk.page\/index.php\/wp-json\/wp\/v2\/users\/1"}],"replies":[{"embeddable":true,"href":"https:\/\/peaceful-lichterman.82-165-20-180.plesk.page\/index.php\/wp-json\/wp\/v2\/comments?post=6"}],"version-history":[{"count":7,"href":"https:\/\/peaceful-lichterman.82-165-20-180.plesk.page\/index.php\/wp-json\/wp\/v2\/pages\/6\/revisions"}],"predecessor-version":[{"id":34,"href":"https:\/\/peaceful-lichterman.82-165-20-180.plesk.page\/index.php\/wp-json\/wp\/v2\/pages\/6\/revisions\/34"}],"wp:attachment":[{"href":"https:\/\/peaceful-lichterman.82-165-20-180.plesk.page\/index.php\/wp-json\/wp\/v2\/media?parent=6"}],"curies":[{"name":"wp","href":"https:\/\/api.w.org\/{rel}","templated":true}]}}